{"id":57,"date":"2023-02-11T19:27:44","date_gmt":"2023-02-11T19:27:44","guid":{"rendered":"https:\/\/tayfargem.com.tr\/g\/?page_id=57"},"modified":"2025-09-09T22:49:32","modified_gmt":"2025-09-09T19:49:32","slug":"kurumsal-bilgi","status":"publish","type":"page","link":"https:\/\/tayfargem.tr\/en\/kurumsal-bilgi\/","title":{"rendered":"Corporate Information"},"content":{"rendered":"<h3 class=\"wp-block-heading\">Who we are<\/h3>\n\n\n\n<pre class=\"wp-block-code has-accent-2-background-color has-background\"><code>\"<strong>TAYF Research Development Engineering Consultancy Inc.<\/strong>Established on January 23, 2023, based in Ankara, it is a human-centered company that provides consultancy services as well as research and development and engineering studies.<\/code><\/pre>\n\n\n\n<div style=\"height:50px\" aria-hidden=\"true\" class=\"wp-block-spacer\"><\/div>\n\n\n\n<hr class=\"wp-block-separator has-alpha-channel-opacity\"\/>\n\n\n\n<h3 class=\"wp-block-heading\">Mission<\/h3>\n\n\n\n<blockquote class=\"wp-block-quote is-layout-flow wp-block-quote-is-layout-flow\">\n<p>competent team quality work<\/p>\n<\/blockquote>\n\n\n\n<div style=\"height:50px\" aria-hidden=\"true\" class=\"wp-block-spacer\"><\/div>\n\n\n\n<h3 class=\"wp-block-heading\">Vision<\/h3>\n\n\n\n<blockquote class=\"wp-block-quote is-layout-flow wp-block-quote-is-layout-flow\">\n<p>T\u00fcrkiye&#8217;nin yonga tasar\u0131m \u00fcretim ve pazarlama ekosisteminin olu\u015fmas\u0131na liderlik etmek ve bu ekosistemin s\u00fcrd\u00fcr\u00fclebilirli\u011fini sa\u011flamak.<\/p>\n<\/blockquote>\n\n\n\n<hr class=\"wp-block-separator has-alpha-channel-opacity\"\/>\n\n\n\n<div style=\"height:50px\" aria-hidden=\"true\" class=\"wp-block-spacer\"><\/div>\n\n\n\n<h3 class=\"wp-block-heading\">Our Motivation<\/h3>\n\n\n\n<p>Misyonumuz ve Vizyonumuz do\u011frultusunda;<\/p>\n\n\n\n<ul class=\"wp-block-list\">\n<li>\u00dclkemizde var olan insan kayna\u011f\u0131na ula\u015fmak,<\/li>\n\n\n\n<li>Say\u0131sal tasar\u0131m alan\u0131nda \u00e7al\u0131\u015fan insan g\u00fcc\u00fcn\u00fc bir araya getirmek,<\/li>\n\n\n\n<li>Gen\u00e7lerimizin yonga tasar\u0131m ve \u00fcretimi konular\u0131ndaki fark\u0131ndal\u0131\u011f\u0131n\u0131 artt\u0131rmak,<\/li>\n\n\n\n<li>Sekt\u00f6re yeni ve dinamik insan g\u00fcc\u00fc kazand\u0131rmak,<\/li>\n\n\n\n<li>\u0130htiyaca y\u00f6nelik verimlilik esasl\u0131 bak\u0131\u015f a\u00e7\u0131s\u0131yla \u00e7al\u0131\u015fmalar\u0131m\u0131z\u0131 s\u00fcrd\u00fcrmekteyiz.<\/li>\n<\/ul>\n\n\n\n<hr class=\"wp-block-separator has-alpha-channel-opacity\"\/>\n\n\n\n<div style=\"height:50px\" aria-hidden=\"true\" class=\"wp-block-spacer\"><\/div>\n\n\n\n<h3 class=\"wp-block-heading\">The Values<\/h3>\n\n\n\n<p>Our values \u200b\u200bthat we wish every individual to have and that we strive to abide by without being limited to these;<\/p>\n\n\n\n<div class=\"wp-block-columns is-layout-flex wp-container-core-columns-is-layout-28f84493 wp-block-columns-is-layout-flex\">\n<div class=\"wp-block-column is-layout-flow wp-block-column-is-layout-flow\" style=\"flex-basis:100%\">\n<div class=\"wp-block-columns is-layout-flex wp-container-core-columns-is-layout-28f84493 wp-block-columns-is-layout-flex\">\n<div class=\"wp-block-column is-layout-flow wp-block-column-is-layout-flow\">\n<ul class=\"wp-block-list\">\n<li>Understanding<\/li>\n\n\n\n<li>Respect for Human<\/li>\n\n\n\n<li>Homeland Love<\/li>\n\n\n\n<li>Responsibility<\/li>\n<\/ul>\n<\/div>\n\n\n\n<div class=\"wp-block-column is-layout-flow wp-block-column-is-layout-flow\">\n<ul class=\"wp-block-list\">\n<li>Research and Curiosity<\/li>\n\n\n\n<li>Diligence<\/li>\n\n\n\n<li>Respect for Labour<\/li>\n\n\n\n<li>Renewal and Progres<\/li>\n<\/ul>\n<\/div>\n\n\n\n<div class=\"wp-block-column is-layout-flow wp-block-column-is-layout-flow\">\n<ul class=\"wp-block-list\">\n<li>Honesty<\/li>\n\n\n\n<li>Reliability<\/li>\n\n\n\n<li>Respect for the Environment<\/li>\n\n\n\n<li>Family<\/li>\n<\/ul>\n<\/div>\n<\/div>\n<\/div>\n<\/div>\n\n\n\n<hr class=\"wp-block-separator has-alpha-channel-opacity\"\/>\n\n\n\n<div style=\"height:82px\" aria-hidden=\"true\" class=\"wp-block-spacer\"><\/div>\n\n\n\n<figure class=\"wp-block-image aligncenter size-full is-style-hover-zoom\"><img loading=\"lazy\" decoding=\"async\" width=\"640\" height=\"360\" src=\"https:\/\/tayfargem.tr\/g\/wp-content\/uploads\/2023\/02\/tayfargemF.png\" alt=\"tayf argem\" class=\"wp-image-76\" srcset=\"https:\/\/tayfargem.tr\/g\/wp-content\/uploads\/2023\/02\/tayfargemF.png 640w, https:\/\/tayfargem.tr\/g\/wp-content\/uploads\/2023\/02\/tayfargemF-300x169.png 300w\" sizes=\"auto, (max-width: 640px) 100vw, 640px\" \/><figcaption class=\"wp-element-caption\"><br><strong>Tayf Research Development Engineering Consulting Inc.<\/strong><\/figcaption><\/figure>\n\n\n\n<hr class=\"wp-block-separator has-alpha-channel-opacity\"\/>\n\n\n\n<h3 class=\"wp-block-heading has-text-align-center\">Trademark Certificate<\/h3>\n\n\n\n<figure class=\"wp-block-image aligncenter size-large\"><img loading=\"lazy\" decoding=\"async\" width=\"724\" height=\"1024\" src=\"https:\/\/tayfargem.tr\/g\/wp-content\/uploads\/2023\/07\/tescil-724x1024.png\" alt=\"\" class=\"wp-image-287\" srcset=\"https:\/\/tayfargem.tr\/g\/wp-content\/uploads\/2023\/07\/tescil-724x1024.png 724w, https:\/\/tayfargem.tr\/g\/wp-content\/uploads\/2023\/07\/tescil-212x300.png 212w, https:\/\/tayfargem.tr\/g\/wp-content\/uploads\/2023\/07\/tescil-768x1087.png 768w, https:\/\/tayfargem.tr\/g\/wp-content\/uploads\/2023\/07\/tescil-1085x1536.png 1085w, https:\/\/tayfargem.tr\/g\/wp-content\/uploads\/2023\/07\/tescil-8x12.png 8w, https:\/\/tayfargem.tr\/g\/wp-content\/uploads\/2023\/07\/tescil.png 1240w\" sizes=\"auto, (max-width: 724px) 100vw, 724px\" \/><\/figure>\n\n\n\n<hr class=\"wp-block-separator has-alpha-channel-opacity\"\/>\n\n\n\n<h3 class=\"wp-block-heading has-text-align-center\">Brand Colors<\/h3>\n\n\n\n<div class=\"wp-block-group is-content-justification-center is-nowrap is-layout-flex wp-container-core-group-is-layout-23441af8 wp-block-group-is-layout-flex\">\n<pre class=\"wp-block-code has-accent-background-color has-background\"><code><strong>Orange<\/strong>\n#FF9900<\/code><\/pre>\n\n\n\n<pre class=\"wp-block-code has-accent-2-background-color has-background\"><code><strong>Turquoise<\/strong>\n#3CCCC3<\/code><\/pre>\n\n\n\n<pre class=\"wp-block-code has-accent-3-background-color has-background\"><code> <strong>Blue<\/strong>\n#19327D<\/code><\/pre>\n<\/div>\n\n\n\n<div style=\"height:100px\" aria-hidden=\"true\" class=\"wp-block-spacer\"><\/div>","protected":false},"excerpt":{"rendered":"<p>Biz Kimiz Misyonumuz Ehil tak\u0131m kalite i\u015f Vizyonumuz T\u00fcrkiye&#8217;nin yonga tasar\u0131m \u00fcretim ve pazarlama ekosisteminin olu\u015fmas\u0131na liderlik etmek ve bu ekosistemin s\u00fcrd\u00fcr\u00fclebilirli\u011fini sa\u011flamak. Motivasyonumuz Misyonumuz ve Vizyonumuz do\u011frultusunda; De\u011ferlerimiz Her bireyin sahip olmas\u0131n\u0131 arzulad\u0131\u011f\u0131m\u0131z ve bunlarla s\u0131n\u0131rl\u0131 kalmamak \u00fczere riayet etmeye gayret g\u00f6sterdi\u011fimiz de\u011ferlerimiz; Marka Tescil Belgesi Kurumsal Renkler<\/p>","protected":false},"author":1,"featured_media":81,"parent":0,"menu_order":0,"comment_status":"closed","ping_status":"closed","template":"","meta":{"footnotes":""},"class_list":["post-57","page","type-page","status-publish","has-post-thumbnail","hentry"],"_links":{"self":[{"href":"https:\/\/tayfargem.tr\/en\/wp-json\/wp\/v2\/pages\/57","targetHints":{"allow":["GET"]}}],"collection":[{"href":"https:\/\/tayfargem.tr\/en\/wp-json\/wp\/v2\/pages"}],"about":[{"href":"https:\/\/tayfargem.tr\/en\/wp-json\/wp\/v2\/types\/page"}],"author":[{"embeddable":true,"href":"https:\/\/tayfargem.tr\/en\/wp-json\/wp\/v2\/users\/1"}],"replies":[{"embeddable":true,"href":"https:\/\/tayfargem.tr\/en\/wp-json\/wp\/v2\/comments?post=57"}],"version-history":[{"count":13,"href":"https:\/\/tayfargem.tr\/en\/wp-json\/wp\/v2\/pages\/57\/revisions"}],"predecessor-version":[{"id":414,"href":"https:\/\/tayfargem.tr\/en\/wp-json\/wp\/v2\/pages\/57\/revisions\/414"}],"wp:featuredmedia":[{"embeddable":true,"href":"https:\/\/tayfargem.tr\/en\/wp-json\/wp\/v2\/media\/81"}],"wp:attachment":[{"href":"https:\/\/tayfargem.tr\/en\/wp-json\/wp\/v2\/media?parent=57"}],"curies":[{"name":"wp","href":"https:\/\/api.w.org\/{rel}","templated":true}]}}